{"id":631,"date":"2022-10-21T18:55:42","date_gmt":"2022-10-21T18:55:42","guid":{"rendered":"https:\/\/hondupalmahn.com\/home\/?page_id=631"},"modified":"2022-10-21T19:17:54","modified_gmt":"2022-10-21T19:17:54","slug":"noticias-y-eventos","status":"publish","type":"page","link":"https:\/\/hondupalmahn.com\/home\/noticias-y-eventos\/","title":{"rendered":"Noticias y Eventos"},"content":{"rendered":"\n\t<section class=\"section dark\" id=\"section_846444636\">\n\t\t<div class=\"bg section-bg fill bg-fill  bg-loaded\" >\n\n\t\t\t\n\t\t\t\n\t\t\t\n\n\t\t<\/div>\n\n\t\t\n\t<div class=\"ux-shape-divider ux-shape-divider--bottom ux-shape-divider--style-curve-opacity ux-shape-divider--to-front\">\n\t\t<svg viewBox=\"0 0 1000 100\" xmlns=\"http:\/\/www.w3.org\/2000\/svg\" preserveAspectRatio=\"none\">\n\t\t<path class=\"ux-shape-fill\" opacity=\"0.15\" d=\"M0 14C0 14 88.64 17.48 300 50C560 90 814 77 1003 40L1015 68L1018 104H0V14Z\"\/>\n\t\t<path class=\"ux-shape-fill\" opacity=\"0.3\" d=\"M0 45C0 45 271 90.13 500 77C657 68 830 30 1015 14V100H0V45Z\"\/>\n\t\t<path class=\"ux-shape-fill\" d=\"M0 58C0 58 188.29 90 508 90C798 90 1002 55 1002 55V100H0V58Z\"\/>\n<\/svg>\n\t<\/div>\n\n\t\t<div class=\"section-content relative\">\n\t\t\t\n\n<div class=\"slider-wrapper relative\" id=\"slider-1252998930\" >\n    <div class=\"slider slider-nav-simple slider-nav-large slider-nav-light slider-style-normal slider-show-nav\"\n        data-flickity-options='{\n            \"cellAlign\": \"center\",\n            \"imagesLoaded\": true,\n            \"lazyLoad\": 1,\n            \"freeScroll\": false,\n            \"wrapAround\": true,\n            \"autoPlay\": 5000,\n            \"pauseAutoPlayOnHover\" : true,\n            \"prevNextButtons\": true,\n            \"contain\" : true,\n            \"adaptiveHeight\" : true,\n            \"dragThreshold\" : 10,\n            \"percentPosition\": true,\n            \"pageDots\": false,\n            \"rightToLeft\": false,\n            \"draggable\": true,\n            \"selectedAttraction\": 0.1,\n            \"parallax\" : 0,\n            \"friction\": 0.6        }'\n        >\n        \n\n\n  <div class=\"banner has-hover\" id=\"banner-1245670830\">\n          <div class=\"banner-inner fill\">\n        <div class=\"banner-bg fill\" >\n            <div class=\"bg fill bg-fill \"><\/div>\n                        <div class=\"overlay\"><\/div>            \n                    <\/div>\n\t\t\n        <div class=\"banner-layers container\">\n            <div class=\"fill banner-link\"><\/div>            \n\n   <div id=\"text-box-248862125\" class=\"text-box banner-layer x100 md-x80 lg-x50 y20 md-y50 lg-y30 res-text\">\n                     <div data-animate=\"fadeInRight\">           <div class=\"text-box-content text dark\">\n              \n              <div class=\"text-inner text-left\">\n                  \n\n\t<div id=\"text-3749961683\" class=\"text\">\n\t\t\n\n<h2>Noticias y Eventos<\/h2>\n\t\t\n<style>\n#text-3749961683 {\n  text-align: left;\n}\n<\/style>\n\t<\/div>\n\t\n\n              <\/div>\n           <\/div>\n       <\/div>                     \n<style>\n#text-box-248862125 {\n  width: 78%;\n}\n#text-box-248862125 .text-box-content {\n  font-size: 100%;\n}\n@media (min-width:550px) {\n  #text-box-248862125 {\n    width: 48%;\n  }\n}\n<\/style>\n    <\/div>\n \n\n        <\/div>\n      <\/div>\n\n            \n<style>\n#banner-1245670830 {\n  padding-top: 186px;\n}\n#banner-1245670830 .bg.bg-loaded {\n  background-image: url(https:\/\/hondupalmahn.com\/home\/wp-content\/uploads\/2022\/02\/erh.jpg);\n}\n#banner-1245670830 .overlay {\n  background-color: rgba(0, 0, 0, 0.2);\n}\n#banner-1245670830 .bg {\n  background-position: 42% 27%;\n}\n#banner-1245670830 .ux-shape-divider--top svg {\n  height: 150px;\n  --divider-top-width: 100%;\n}\n#banner-1245670830 .ux-shape-divider--bottom svg {\n  height: 150px;\n  --divider-width: 100%;\n}\n<\/style>\n  <\/div>\n\n\n\n     <\/div>\n\n     <div class=\"loading-spin dark large centered\"><\/div>\n\n     \t<\/div>\n\n\n\n\t\t<\/div>\n\n\t\t\n<style>\n#section_846444636 {\n  padding-top: 0px;\n  padding-bottom: 0px;\n  background-color: rgb(255,255,255);\n}\n#section_846444636 .ux-shape-divider--top svg {\n  height: 150px;\n  --divider-top-width: 100%;\n}\n#section_846444636 .ux-shape-divider--bottom svg {\n  height: 36px;\n  --divider-width: 100%;\n}\n<\/style>\n\t<\/section>\n\t\n\t<section class=\"section\" id=\"section_702722497\">\n\t\t<div class=\"bg section-bg fill bg-fill  bg-loaded\" >\n\n\t\t\t\n\t\t\t\n\t\t\t\n\n\t\t<\/div>\n\n\t\t\n\n\t\t<div class=\"section-content relative\">\n\t\t\t\n\n<div class=\"row\"  id=\"row-2102971262\">\n\n\n\t<div id=\"col-341368407\" class=\"col small-12 large-12\"  data-animate=\"fadeInUp\">\n\t\t\t\t<div class=\"col-inner\"  >\n\t\t\t\n\t\t\t\n\n\t<div id=\"text-104061101\" class=\"text\">\n\t\t\n\n<h2>Lo nuevo en Hondupalma<\/h2>\n\t\t\n<style>\n#text-104061101 {\n  font-size: 1.1rem;\n  line-height: 0.75;\n  text-align: center;\n  color: #f1592a;\n}\n#text-104061101 > * {\n  color: #f1592a;\n}\n<\/style>\n\t<\/div>\n\t\n\n  \n    <div class=\"row sobre large-columns-4 medium-columns-1 small-columns-1\">\n  <div class=\"col post-item\" >\n\t\t\t<div class=\"col-inner\">\n\t\t\t<a href=\"https:\/\/hondupalmahn.com\/home\/firma-de-convenios-de-cooperacion-del-plan-de-responsabilidad-social-empresarial-entre-las-comunidades-y-hondupalma\/\" class=\"plain\">\n\t\t\t\t<div class=\"box box-normal box-text-bottom box-blog-post has-hover\">\n            \t\t\t\t\t<div class=\"box-image\" >\n  \t\t\t\t\t\t<div class=\"image-zoom image-cover\" style=\"padding-top:100%;\">\n  \t\t\t\t\t\t\t<img loading=\"lazy\" decoding=\"async\" width=\"300\" height=\"200\" src=\"https:\/\/hondupalmahn.com\/home\/wp-content\/uploads\/2022\/07\/HB-300x200.jpeg\" class=\"attachment-medium size-medium wp-post-image\" alt=\"\" srcset=\"https:\/\/hondupalmahn.com\/home\/wp-content\/uploads\/2022\/07\/HB-300x200.jpeg 300w, https:\/\/hondupalmahn.com\/home\/wp-content\/uploads\/2022\/07\/HB-1024x683.jpeg 1024w, https:\/\/hondupalmahn.com\/home\/wp-content\/uploads\/2022\/07\/HB-768x512.jpeg 768w, https:\/\/hondupalmahn.com\/home\/wp-content\/uploads\/2022\/07\/HB-1536x1024.jpeg 1536w, https:\/\/hondupalmahn.com\/home\/wp-content\/uploads\/2022\/07\/HB.jpeg 2048w\" sizes=\"auto, (max-width: 300px) 100vw, 300px\" \/>  \t\t\t\t\t\t\t  \t\t\t\t\t\t\t  \t\t\t\t\t\t<\/div>\n  \t\t\t\t\t\t  \t\t\t\t\t<\/div>\n          \t\t\t\t\t<div class=\"box-text text-center is-large dark\" style=\"background-color:rgb(255, 255, 255);\">\n\t\t\t\t\t<div class=\"box-text-inner blog-post-inner\">\n\n\t\t\t\t\t\n\t\t\t\t\t\t\t\t\t\t<h5 class=\"post-title is-large \">Firma de Convenios de Cooperaci\u00f3n<\/h5>\n\t\t\t\t\t\t\t\t\t\t<div class=\"is-divider\"><\/div>\n\t\t\t\t\t                    \n\t\t\t\t\t\t\t\t\t\t\t<button href=\"https:\/\/hondupalmahn.com\/home\/firma-de-convenios-de-cooperacion-del-plan-de-responsabilidad-social-empresarial-entre-las-comunidades-y-hondupalma\/\" class=\"button secondary is-gloss is-small mb-0\">\n\t\t\t\t\t\t\tLeer m\u00e1s\t\t\t\t\t\t<\/button>\n\t\t\t\t\t\n\t\t\t\t\t\n\t\t\t\t\t<\/div>\n\t\t\t\t\t<\/div>\n\t\t\t\t\t\t\t\t\t<\/div>\n\t\t\t\t<\/a>\n\t\t\t<\/div>\n\t\t<\/div><div class=\"col post-item\" >\n\t\t\t<div class=\"col-inner\">\n\t\t\t<a href=\"https:\/\/hondupalmahn.com\/home\/col-san-isidro-de-la-aldea-35-guaymas\/\" class=\"plain\">\n\t\t\t\t<div class=\"box box-normal box-text-bottom box-blog-post has-hover\">\n            \t\t\t\t\t<div class=\"box-image\" >\n  \t\t\t\t\t\t<div class=\"image-zoom image-cover\" style=\"padding-top:100%;\">\n  \t\t\t\t\t\t\t<img loading=\"lazy\" decoding=\"async\" width=\"225\" height=\"300\" src=\"https:\/\/hondupalmahn.com\/home\/wp-content\/uploads\/2022\/02\/6-225x300.jpeg\" class=\"attachment-medium size-medium wp-post-image\" alt=\"\" srcset=\"https:\/\/hondupalmahn.com\/home\/wp-content\/uploads\/2022\/02\/6-225x300.jpeg 225w, https:\/\/hondupalmahn.com\/home\/wp-content\/uploads\/2022\/02\/6-768x1024.jpeg 768w, https:\/\/hondupalmahn.com\/home\/wp-content\/uploads\/2022\/02\/6-1152x1536.jpeg 1152w, https:\/\/hondupalmahn.com\/home\/wp-content\/uploads\/2022\/02\/6.jpeg 1512w\" sizes=\"auto, (max-width: 225px) 100vw, 225px\" \/>  \t\t\t\t\t\t\t  \t\t\t\t\t\t\t  \t\t\t\t\t\t<\/div>\n  \t\t\t\t\t\t  \t\t\t\t\t<\/div>\n          \t\t\t\t\t<div class=\"box-text text-center is-large dark\" style=\"background-color:rgb(255, 255, 255);\">\n\t\t\t\t\t<div class=\"box-text-inner blog-post-inner\">\n\n\t\t\t\t\t\n\t\t\t\t\t\t\t\t\t\t<h5 class=\"post-title is-large \">Col. San Isidro de la aldea 35 Guaymas<\/h5>\n\t\t\t\t\t\t\t\t\t\t<div class=\"is-divider\"><\/div>\n\t\t\t\t\t                    \n\t\t\t\t\t\t\t\t\t\t\t<button href=\"https:\/\/hondupalmahn.com\/home\/col-san-isidro-de-la-aldea-35-guaymas\/\" class=\"button secondary is-gloss is-small mb-0\">\n\t\t\t\t\t\t\tLeer m\u00e1s\t\t\t\t\t\t<\/button>\n\t\t\t\t\t\n\t\t\t\t\t\n\t\t\t\t\t<\/div>\n\t\t\t\t\t<\/div>\n\t\t\t\t\t\t\t\t\t<\/div>\n\t\t\t\t<\/a>\n\t\t\t<\/div>\n\t\t<\/div><div class=\"col post-item\" >\n\t\t\t<div class=\"col-inner\">\n\t\t\t<a href=\"https:\/\/hondupalmahn.com\/home\/monitoreo-de-plastico-en-playas\/\" class=\"plain\">\n\t\t\t\t<div class=\"box box-normal box-text-bottom box-blog-post has-hover\">\n            \t\t\t\t\t<div class=\"box-image\" >\n  \t\t\t\t\t\t<div class=\"image-zoom image-cover\" style=\"padding-top:100%;\">\n  \t\t\t\t\t\t\t<img loading=\"lazy\" decoding=\"async\" width=\"300\" height=\"225\" src=\"https:\/\/hondupalmahn.com\/home\/wp-content\/uploads\/2022\/02\/55-300x225.jpeg\" class=\"attachment-medium size-medium wp-post-image\" alt=\"\" srcset=\"https:\/\/hondupalmahn.com\/home\/wp-content\/uploads\/2022\/02\/55-300x225.jpeg 300w, https:\/\/hondupalmahn.com\/home\/wp-content\/uploads\/2022\/02\/55-1024x768.jpeg 1024w, https:\/\/hondupalmahn.com\/home\/wp-content\/uploads\/2022\/02\/55-768x576.jpeg 768w, https:\/\/hondupalmahn.com\/home\/wp-content\/uploads\/2022\/02\/55.jpeg 1280w\" sizes=\"auto, (max-width: 300px) 100vw, 300px\" \/>  \t\t\t\t\t\t\t  \t\t\t\t\t\t\t  \t\t\t\t\t\t<\/div>\n  \t\t\t\t\t\t  \t\t\t\t\t<\/div>\n          \t\t\t\t\t<div class=\"box-text text-center is-large dark\" style=\"background-color:rgb(255, 255, 255);\">\n\t\t\t\t\t<div class=\"box-text-inner blog-post-inner\">\n\n\t\t\t\t\t\n\t\t\t\t\t\t\t\t\t\t<h5 class=\"post-title is-large \">Monitoreo de pl\u00e1stico en playas<\/h5>\n\t\t\t\t\t\t\t\t\t\t<div class=\"is-divider\"><\/div>\n\t\t\t\t\t                    \n\t\t\t\t\t\t\t\t\t\t\t<button href=\"https:\/\/hondupalmahn.com\/home\/monitoreo-de-plastico-en-playas\/\" class=\"button secondary is-gloss is-small mb-0\">\n\t\t\t\t\t\t\tLeer m\u00e1s\t\t\t\t\t\t<\/button>\n\t\t\t\t\t\n\t\t\t\t\t\n\t\t\t\t\t<\/div>\n\t\t\t\t\t<\/div>\n\t\t\t\t\t\t\t\t\t<\/div>\n\t\t\t\t<\/a>\n\t\t\t<\/div>\n\t\t<\/div><div class=\"col post-item\" >\n\t\t\t<div class=\"col-inner\">\n\t\t\t<a href=\"https:\/\/hondupalmahn.com\/home\/la-solidaridad-no-es-un-acto-de-caridad\/\" class=\"plain\">\n\t\t\t\t<div class=\"box box-normal box-text-bottom box-blog-post has-hover\">\n            \t\t\t\t\t<div class=\"box-image\" >\n  \t\t\t\t\t\t<div class=\"image-zoom image-cover\" style=\"padding-top:100%;\">\n  \t\t\t\t\t\t\t<img loading=\"lazy\" decoding=\"async\" width=\"225\" height=\"300\" src=\"https:\/\/hondupalmahn.com\/home\/wp-content\/uploads\/2022\/02\/2-225x300.jpeg\" class=\"attachment-medium size-medium wp-post-image\" alt=\"\" srcset=\"https:\/\/hondupalmahn.com\/home\/wp-content\/uploads\/2022\/02\/2-225x300.jpeg 225w, https:\/\/hondupalmahn.com\/home\/wp-content\/uploads\/2022\/02\/2-768x1024.jpeg 768w, https:\/\/hondupalmahn.com\/home\/wp-content\/uploads\/2022\/02\/2.jpeg 780w\" sizes=\"auto, (max-width: 225px) 100vw, 225px\" \/>  \t\t\t\t\t\t\t  \t\t\t\t\t\t\t  \t\t\t\t\t\t<\/div>\n  \t\t\t\t\t\t  \t\t\t\t\t<\/div>\n          \t\t\t\t\t<div class=\"box-text text-center is-large dark\" style=\"background-color:rgb(255, 255, 255);\">\n\t\t\t\t\t<div class=\"box-text-inner blog-post-inner\">\n\n\t\t\t\t\t\n\t\t\t\t\t\t\t\t\t\t<h5 class=\"post-title is-large \">La solidaridad no es un acto de caridad<\/h5>\n\t\t\t\t\t\t\t\t\t\t<div class=\"is-divider\"><\/div>\n\t\t\t\t\t                    \n\t\t\t\t\t\t\t\t\t\t\t<button href=\"https:\/\/hondupalmahn.com\/home\/la-solidaridad-no-es-un-acto-de-caridad\/\" class=\"button secondary is-gloss is-small mb-0\">\n\t\t\t\t\t\t\tLeer m\u00e1s\t\t\t\t\t\t<\/button>\n\t\t\t\t\t\n\t\t\t\t\t\n\t\t\t\t\t<\/div>\n\t\t\t\t\t<\/div>\n\t\t\t\t\t\t\t\t\t<\/div>\n\t\t\t\t<\/a>\n\t\t\t<\/div>\n\t\t<\/div><div class=\"col post-item\" >\n\t\t\t<div class=\"col-inner\">\n\t\t\t<a href=\"https:\/\/hondupalmahn.com\/home\/dia-del-odontologo-hondureno\/\" class=\"plain\">\n\t\t\t\t<div class=\"box box-normal box-text-bottom box-blog-post has-hover\">\n            \t\t\t\t\t<div class=\"box-image\" >\n  \t\t\t\t\t\t<div class=\"image-zoom image-cover\" style=\"padding-top:100%;\">\n  \t\t\t\t\t\t\t<img loading=\"lazy\" decoding=\"async\" width=\"300\" height=\"269\" src=\"https:\/\/hondupalmahn.com\/home\/wp-content\/uploads\/2022\/02\/1-300x269.jpeg\" class=\"attachment-medium size-medium wp-post-image\" alt=\"\" srcset=\"https:\/\/hondupalmahn.com\/home\/wp-content\/uploads\/2022\/02\/1-300x269.jpeg 300w, https:\/\/hondupalmahn.com\/home\/wp-content\/uploads\/2022\/02\/1-1024x919.jpeg 1024w, https:\/\/hondupalmahn.com\/home\/wp-content\/uploads\/2022\/02\/1-768x689.jpeg 768w, https:\/\/hondupalmahn.com\/home\/wp-content\/uploads\/2022\/02\/1-1536x1378.jpeg 1536w, https:\/\/hondupalmahn.com\/home\/wp-content\/uploads\/2022\/02\/1.jpeg 2048w\" sizes=\"auto, (max-width: 300px) 100vw, 300px\" \/>  \t\t\t\t\t\t\t  \t\t\t\t\t\t\t  \t\t\t\t\t\t<\/div>\n  \t\t\t\t\t\t  \t\t\t\t\t<\/div>\n          \t\t\t\t\t<div class=\"box-text text-center is-large dark\" style=\"background-color:rgb(255, 255, 255);\">\n\t\t\t\t\t<div class=\"box-text-inner blog-post-inner\">\n\n\t\t\t\t\t\n\t\t\t\t\t\t\t\t\t\t<h5 class=\"post-title is-large \">D\u00eda del Odont\u00f3logo Hondure\u00f1o<\/h5>\n\t\t\t\t\t\t\t\t\t\t<div class=\"is-divider\"><\/div>\n\t\t\t\t\t                    \n\t\t\t\t\t\t\t\t\t\t\t<button href=\"https:\/\/hondupalmahn.com\/home\/dia-del-odontologo-hondureno\/\" class=\"button secondary is-gloss is-small mb-0\">\n\t\t\t\t\t\t\tLeer m\u00e1s\t\t\t\t\t\t<\/button>\n\t\t\t\t\t\n\t\t\t\t\t\n\t\t\t\t\t<\/div>\n\t\t\t\t\t<\/div>\n\t\t\t\t\t\t\t\t\t<\/div>\n\t\t\t\t<\/a>\n\t\t\t<\/div>\n\t\t<\/div><\/div>\n\n\n\t\t<\/div>\n\t\t\t\t\t<\/div>\n\n\t\n\n<\/div>\n\n\t\t<\/div>\n\n\t\t\n<style>\n#section_702722497 {\n  padding-top: 101px;\n  padding-bottom: 101px;\n  background-color: rgb(246, 248, 250);\n}\n#section_702722497 .ux-shape-divider--top svg {\n  height: 150px;\n  --divider-top-width: 100%;\n}\n#section_702722497 .ux-shape-divider--bottom svg {\n  height: 150px;\n  --divider-width: 100%;\n}\n<\/style>\n\t<\/section>\n\t\n\n","protected":false},"excerpt":{"rendered":"","protected":false},"author":1,"featured_media":0,"parent":0,"menu_order":0,"comment_status":"closed","ping_status":"closed","template":"page-blank.php","meta":{"footnotes":""},"class_list":["post-631","page","type-page","status-publish","hentry"],"_links":{"self":[{"href":"https:\/\/hondupalmahn.com\/home\/wp-json\/wp\/v2\/pages\/631","targetHints":{"allow":["GET"]}}],"collection":[{"href":"https:\/\/hondupalmahn.com\/home\/wp-json\/wp\/v2\/pages"}],"about":[{"href":"https:\/\/hondupalmahn.com\/home\/wp-json\/wp\/v2\/types\/page"}],"author":[{"embeddable":true,"href":"https:\/\/hondupalmahn.com\/home\/wp-json\/wp\/v2\/users\/1"}],"replies":[{"embeddable":true,"href":"https:\/\/hondupalmahn.com\/home\/wp-json\/wp\/v2\/comments?post=631"}],"version-history":[{"count":4,"href":"https:\/\/hondupalmahn.com\/home\/wp-json\/wp\/v2\/pages\/631\/revisions"}],"predecessor-version":[{"id":644,"href":"https:\/\/hondupalmahn.com\/home\/wp-json\/wp\/v2\/pages\/631\/revisions\/644"}],"wp:attachment":[{"href":"https:\/\/hondupalmahn.com\/home\/wp-json\/wp\/v2\/media?parent=631"}],"curies":[{"name":"wp","href":"https:\/\/api.w.org\/{rel}","templated":true}]}}