{"id":615,"date":"2022-10-11T00:32:42","date_gmt":"2022-10-11T00:32:42","guid":{"rendered":"https:\/\/hondupalmahn.com\/home\/?page_id=615"},"modified":"2023-06-22T23:52:21","modified_gmt":"2023-06-22T23:52:21","slug":"honduseprol","status":"publish","type":"page","link":"https:\/\/hondupalmahn.com\/home\/honduseprol\/","title":{"rendered":"Honduseprol"},"content":{"rendered":"\n\t<section class=\"section dark\" id=\"section_1101438324\">\n\t\t<div class=\"bg section-bg fill bg-fill  bg-loaded\" >\n\n\t\t\t\n\t\t\t\n\t\t\t\n\n\t\t<\/div>\n\n\t\t\n\t<div class=\"ux-shape-divider ux-shape-divider--bottom ux-shape-divider--style-curve-opacity ux-shape-divider--to-front\">\n\t\t<svg viewBox=\"0 0 1000 100\" xmlns=\"http:\/\/www.w3.org\/2000\/svg\" preserveAspectRatio=\"none\">\n\t\t<path class=\"ux-shape-fill\" opacity=\"0.15\" d=\"M0 14C0 14 88.64 17.48 300 50C560 90 814 77 1003 40L1015 68L1018 104H0V14Z\"\/>\n\t\t<path class=\"ux-shape-fill\" opacity=\"0.3\" d=\"M0 45C0 45 271 90.13 500 77C657 68 830 30 1015 14V100H0V45Z\"\/>\n\t\t<path class=\"ux-shape-fill\" d=\"M0 58C0 58 188.29 90 508 90C798 90 1002 55 1002 55V100H0V58Z\"\/>\n<\/svg>\n\t<\/div>\n\n\t\t<div class=\"section-content relative\">\n\t\t\t\n\n<div class=\"slider-wrapper relative\" id=\"slider-1630047927\" >\n    <div class=\"slider slider-nav-simple slider-nav-large slider-nav-light slider-style-normal slider-show-nav\"\n        data-flickity-options='{\n            \"cellAlign\": \"center\",\n            \"imagesLoaded\": true,\n            \"lazyLoad\": 1,\n            \"freeScroll\": false,\n            \"wrapAround\": true,\n            \"autoPlay\": 5000,\n            \"pauseAutoPlayOnHover\" : true,\n            \"prevNextButtons\": true,\n            \"contain\" : true,\n            \"adaptiveHeight\" : true,\n            \"dragThreshold\" : 10,\n            \"percentPosition\": true,\n            \"pageDots\": false,\n            \"rightToLeft\": false,\n            \"draggable\": true,\n            \"selectedAttraction\": 0.1,\n            \"parallax\" : 0,\n            \"friction\": 0.6        }'\n        >\n        \n\n\n  <div class=\"banner has-hover\" id=\"banner-1711239859\">\n          <div class=\"banner-inner fill\">\n        <div class=\"banner-bg fill\" >\n            <div class=\"bg fill bg-fill \"><\/div>\n                        <div class=\"overlay\"><\/div>            \n                    <\/div>\n\t\t\n        <div class=\"banner-layers container\">\n            <div class=\"fill banner-link\"><\/div>            \n\n   <div id=\"text-box-1727432286\" class=\"text-box banner-layer x50 md-x80 lg-x50 y20 md-y50 lg-y50 res-text\">\n                     <div data-animate=\"fadeInRight\">           <div class=\"text-box-content text dark\">\n              \n              <div class=\"text-inner text-left\">\n                  \n\n\t<div id=\"text-4216290589\" class=\"text\">\n\t\t\n\n<h2> Honduseprol <\/h2>\n\n\t\t\n<style>\n#text-4216290589 {\n  text-align: center;\n}\n<\/style>\n\t<\/div>\n\t\n\n              <\/div>\n           <\/div>\n       <\/div>                     \n<style>\n#text-box-1727432286 {\n  width: 78%;\n}\n#text-box-1727432286 .text-box-content {\n  font-size: 100%;\n}\n@media (min-width:550px) {\n  #text-box-1727432286 {\n    width: 48%;\n  }\n}\n<\/style>\n    <\/div>\n \n\n        <\/div>\n      <\/div>\n\n            \n<style>\n#banner-1711239859 {\n  padding-top: 186px;\n}\n#banner-1711239859 .bg.bg-loaded {\n  background-image: url(https:\/\/hondupalmahn.com\/home\/wp-content\/uploads\/2022\/02\/erh.jpg);\n}\n#banner-1711239859 .overlay {\n  background-color: rgba(0, 0, 0, 0.2);\n}\n#banner-1711239859 .bg {\n  background-position: 42% 27%;\n}\n#banner-1711239859 .ux-shape-divider--top svg {\n  height: 150px;\n  --divider-top-width: 100%;\n}\n#banner-1711239859 .ux-shape-divider--bottom svg {\n  height: 150px;\n  --divider-width: 100%;\n}\n<\/style>\n  <\/div>\n\n\n\n     <\/div>\n\n     <div class=\"loading-spin dark large centered\"><\/div>\n\n     \t<\/div>\n\n\n\n\t\t<\/div>\n\n\t\t\n<style>\n#section_1101438324 {\n  padding-top: 0px;\n  padding-bottom: 0px;\n  background-color: rgb(255,255,255);\n}\n#section_1101438324 .ux-shape-divider--top svg {\n  height: 150px;\n  --divider-top-width: 100%;\n}\n#section_1101438324 .ux-shape-divider--bottom svg {\n  height: 36px;\n  --divider-width: 100%;\n}\n<\/style>\n\t<\/section>\n\t\n\t<section class=\"section\" id=\"section_1602278538\">\n\t\t<div class=\"bg section-bg fill bg-fill  bg-loaded\" >\n\n\t\t\t\n\t\t\t\n\t\t\t\n\n\t\t<\/div>\n\n\t\t\n\n\t\t<div class=\"section-content relative\">\n\t\t\t\n\n<div class=\"row\"  id=\"row-1466134832\">\n\n\n\t<div id=\"col-1247214898\" class=\"col medium-1 small-12 large-1\"  >\n\t\t\t\t<div class=\"col-inner\"  >\n\t\t\t\n\t\t\t\n\n\n\t\t<\/div>\n\t\t\t\t\t<\/div>\n\n\t\n\n\t<div id=\"col-1500020652\" class=\"col medium-10 small-12 large-10\"  data-animate=\"fadeInUp\">\n\t\t\t\t<div class=\"col-inner\"  >\n\t\t\t\n\t\t\t\n\n<div class=\"accordion\" rel=\"1\">\n\n<div class=\"accordion-item\"><a href=\"#\" class=\"accordion-title plain\"><button class=\"toggle\"><i class=\"icon-angle-down\"><\/i><\/button><span>Historia<\/span><\/a><div class=\"accordion-inner\">\n\n\t<div id=\"text-1128376175\" class=\"text\">\n\t\t\n\n<p>La Central de Empresas de Producci\u00f3n y Servicios de Honduras Ltda. (HONDUSEPROL) nace a ra\u00edz de las necesidades de financiamiento de las bases afiliadas, con la intenci\u00f3n de financiar los proyectos de inversi\u00f3n como ser: compra de terreno, maquinaria y equipo y capital de trabajo etc., y sobre todo por bajar los altos costos de intereses pagados a la banca privada.<\/p>\n<p>La capitalizaci\u00f3n del fondo se inicio con la participaci\u00f3n de las 30 empresas con una retenci\u00f3n de Lps.150.00 por T.M., de la fruta producida, con lo que hemos logrado un crecimiento econ\u00f3mico en capital de aproximadamente 95 millones de lempiras los cuales sirven como garant\u00eda de pr\u00e9stamos solicitados tanto de las bases como Hondupalma<\/p>\n\n\t\t\n<style>\n#text-1128376175 {\n  font-size: 1.2rem;\n  line-height: 1.4;\n}\n<\/style>\n\t<\/div>\n\t\n\n<\/div><\/div>\n<div class=\"accordion-item\"><a href=\"#\" class=\"accordion-title plain\"><button class=\"toggle\"><i class=\"icon-angle-down\"><\/i><\/button><span>Justificaci\u00f3n<\/span><\/a><div class=\"accordion-inner\">\n\n<p>Tomando en cuenta las altas tasas de inter\u00e9s en la banca privada as\u00ed como la burocracia en los tr\u00e1mites para la obtenci\u00f3n de fondos para la inversi\u00f3n inmediata, las afiliadas visualizaron la posibilidad de crear una empresa que resolviera a corto plazo la problem\u00e1tica existente como ser:<\/p>\n<p>Endeudamientos con la banca privada a altas tasas de intereses<br>\nEstancamiento en el desarrollo agr\u00edcola y social en cada una de las bases<br>\nProblemas de liquidez<\/p>\n<p>As\u00ed mismo que todos los beneficios de pagos de intereses por pr\u00e9stamos y ahorro que percib\u00eda la banca privada, retornen como beneficios a sus afiliadas pudi\u00e9ndose autofinanciar de forma inmediata por medio de Honduseprol.<\/p>\n\n\n<\/div><\/div>\n<div class=\"accordion-item\"><a href=\"#\" class=\"accordion-title plain\"><button class=\"toggle\"><i class=\"icon-angle-down\"><\/i><\/button><span>Perfil Honduseprol<\/span><\/a><div class=\"accordion-inner\">\n\n<p>Fue fundada en el a\u00f1o 2005<br>\nEs una empresa 100% hondure\u00f1a<br>\nEs un ejemplo de solidaridad y unidad<br>\nEs una empresa que posee un compromiso social.<\/p>\n\n\n<\/div><\/div>\n<div class=\"accordion-item\"><a href=\"#\" class=\"accordion-title plain\"><button class=\"toggle\"><i class=\"icon-angle-down\"><\/i><\/button><span>Productos y servicios<\/span><\/a><div class=\"accordion-inner\">\n\n<p>Como actividad principal, Honduseprol ofrece los servicios de Ahorro y cr\u00e9dito que provienen del capital que aportan y de los dep\u00f3sitos que realizan en car\u00e1cter de ahorro sus 30 bases afiliadas y Hondupalma.<\/p>\n\n\n<\/div><\/div>\n<div class=\"accordion-item\"><a href=\"#\" class=\"accordion-title plain\"><button class=\"toggle\"><i class=\"icon-angle-down\"><\/i><\/button><span>Asamblea general<\/span><\/a><div class=\"accordion-inner\">\n\n<p>La Asamblea General est\u00e1 formada por las juntas directivas de las 30 empresas de base m\u00e1s la de Hondupalma, que se reune una vez al a\u00f1o en asamblea ordinaria, y asamblea extraordinaria las veces que sea necesario.<\/p>\n\n\n<\/div><\/div>\n<div class=\"accordion-item\"><a href=\"#\" class=\"accordion-title plain\"><button class=\"toggle\"><i class=\"icon-angle-down\"><\/i><\/button><span>Junta directiva<\/span><\/a><div class=\"accordion-inner\">\n\n<p>La Junta Directiva est\u00e1 integrada por cinco miembros: un presidente, un vicepresidente, un secretario y dos vocales, en el caso del tesorero al existir el Gerente General se puede omitir, de igual manera seg\u00fan los estatutos al exitir una Junta Fiscalizadora se omite tambien el puesto del fiscal.<\/p>\n\n\n<\/div><\/div>\n<div class=\"accordion-item\"><a href=\"#\" class=\"accordion-title plain\"><button class=\"toggle\"><i class=\"icon-angle-down\"><\/i><\/button><span>Junta fiscalizadora<\/span><\/a><div class=\"accordion-inner\">\n\n<p>Est\u00e1 formada por cinco miembros: un presidente, un secretario y tres vocales, y su funci\u00f3n es la de supervisar la labor administrativa de la central a nivel de Junta Directiva y Gerencia General.<\/p>\n\n\n<\/div><\/div>\n<div class=\"accordion-item\"><a href=\"#\" class=\"accordion-title plain\"><button class=\"toggle\"><i class=\"icon-angle-down\"><\/i><\/button><span>Gerencia general<\/span><\/a><div class=\"accordion-inner\">\n\n<p>Se encarga de toda la labor administrativa de la Central, y la ejecuci\u00f3n de los acuerdos tomados tanto por la Asamblea General como de la Junta Directiva.<\/p>\n\n\n<\/div><\/div>\n<div class=\"accordion-item\"><a href=\"#\" class=\"accordion-title plain\"><button class=\"toggle\"><i class=\"icon-angle-down\"><\/i><\/button><span>Comit\u00e9 de cr\u00e9dito<\/span><\/a><div class=\"accordion-inner\">\n\n<p>Se encarga de la aprobaci\u00f3n de todos los cr\u00e9ditos solicitados, y de la revisi\u00f3n de la cartera de cr\u00e9dito que maneja la central.<\/p>\n\n\n<\/div><\/div>\n<div class=\"accordion-item\"><a href=\"#\" class=\"accordion-title plain\"><button class=\"toggle\"><i class=\"icon-angle-down\"><\/i><\/button><span>Organizaciones que conforman Honduseprol<\/span><\/a><div class=\"accordion-inner\">\n\n<p>La Asamblea General est\u00e1 formada por las juntas directivas de las 30 empresas de base m\u00e1s la de Hondupalma, que se reune una vez al a\u00f1o en asamblea ordinaria, y asamblea extraordinaria las veces que sea necesario.<\/p>\n\n\n<\/div><\/div>\n\n<\/div>\n\n\t\t<\/div>\n\t\t\t\t\t<\/div>\n\n\t\n\n<\/div>\n\n\t\t<\/div>\n\n\t\t\n<style>\n#section_1602278538 {\n  padding-top: 94px;\n  padding-bottom: 94px;\n  background-color: rgb(255, 255, 255);\n}\n#section_1602278538 .ux-shape-divider--top svg {\n  height: 150px;\n  --divider-top-width: 100%;\n}\n#section_1602278538 .ux-shape-divider--bottom svg {\n  height: 150px;\n  --divider-width: 100%;\n}\n<\/style>\n\t<\/section>\n\t\n","protected":false},"excerpt":{"rendered":"","protected":false},"author":1,"featured_media":0,"parent":0,"menu_order":0,"comment_status":"closed","ping_status":"closed","template":"page-blank.php","meta":{"footnotes":""},"class_list":["post-615","page","type-page","status-publish","hentry"],"_links":{"self":[{"href":"https:\/\/hondupalmahn.com\/home\/wp-json\/wp\/v2\/pages\/615","targetHints":{"allow":["GET"]}}],"collection":[{"href":"https:\/\/hondupalmahn.com\/home\/wp-json\/wp\/v2\/pages"}],"about":[{"href":"https:\/\/hondupalmahn.com\/home\/wp-json\/wp\/v2\/types\/page"}],"author":[{"embeddable":true,"href":"https:\/\/hondupalmahn.com\/home\/wp-json\/wp\/v2\/users\/1"}],"replies":[{"embeddable":true,"href":"https:\/\/hondupalmahn.com\/home\/wp-json\/wp\/v2\/comments?post=615"}],"version-history":[{"count":4,"href":"https:\/\/hondupalmahn.com\/home\/wp-json\/wp\/v2\/pages\/615\/revisions"}],"predecessor-version":[{"id":670,"href":"https:\/\/hondupalmahn.com\/home\/wp-json\/wp\/v2\/pages\/615\/revisions\/670"}],"wp:attachment":[{"href":"https:\/\/hondupalmahn.com\/home\/wp-json\/wp\/v2\/media?parent=615"}],"curies":[{"name":"wp","href":"https:\/\/api.w.org\/{rel}","templated":true}]}}