{"id":601,"date":"2022-10-11T00:20:36","date_gmt":"2022-10-11T00:20:36","guid":{"rendered":"https:\/\/hondupalmahn.com\/home\/?page_id=601"},"modified":"2022-10-11T00:28:50","modified_gmt":"2022-10-11T00:28:50","slug":"energeticos-renovables-hondupalma","status":"publish","type":"page","link":"https:\/\/hondupalmahn.com\/home\/energeticos-renovables-hondupalma\/","title":{"rendered":"Energ\u00e9ticos Renovables Hondupalma"},"content":{"rendered":"\n\t<section class=\"section dark\" id=\"section_1813179327\">\n\t\t<div class=\"bg section-bg fill bg-fill  bg-loaded\" >\n\n\t\t\t\n\t\t\t\n\t\t\t\n\n\t\t<\/div>\n\n\t\t\n\t<div class=\"ux-shape-divider ux-shape-divider--bottom ux-shape-divider--style-curve-opacity ux-shape-divider--to-front\">\n\t\t<svg viewBox=\"0 0 1000 100\" xmlns=\"http:\/\/www.w3.org\/2000\/svg\" preserveAspectRatio=\"none\">\n\t\t<path class=\"ux-shape-fill\" opacity=\"0.15\" d=\"M0 14C0 14 88.64 17.48 300 50C560 90 814 77 1003 40L1015 68L1018 104H0V14Z\"\/>\n\t\t<path class=\"ux-shape-fill\" opacity=\"0.3\" d=\"M0 45C0 45 271 90.13 500 77C657 68 830 30 1015 14V100H0V45Z\"\/>\n\t\t<path class=\"ux-shape-fill\" d=\"M0 58C0 58 188.29 90 508 90C798 90 1002 55 1002 55V100H0V58Z\"\/>\n<\/svg>\n\t<\/div>\n\n\t\t<div class=\"section-content relative\">\n\t\t\t\n\n<div class=\"slider-wrapper relative\" id=\"slider-2128608230\" >\n    <div class=\"slider slider-nav-simple slider-nav-large slider-nav-light slider-style-normal slider-show-nav\"\n        data-flickity-options='{\n            \"cellAlign\": \"center\",\n            \"imagesLoaded\": true,\n            \"lazyLoad\": 1,\n            \"freeScroll\": false,\n            \"wrapAround\": true,\n            \"autoPlay\": 5000,\n            \"pauseAutoPlayOnHover\" : true,\n            \"prevNextButtons\": true,\n            \"contain\" : true,\n            \"adaptiveHeight\" : true,\n            \"dragThreshold\" : 10,\n            \"percentPosition\": true,\n            \"pageDots\": false,\n            \"rightToLeft\": false,\n            \"draggable\": true,\n            \"selectedAttraction\": 0.1,\n            \"parallax\" : 0,\n            \"friction\": 0.6        }'\n        >\n        \n\n\n  <div class=\"banner has-hover\" id=\"banner-403358053\">\n          <div class=\"banner-inner fill\">\n        <div class=\"banner-bg fill\" >\n            <div class=\"bg fill bg-fill \"><\/div>\n                        <div class=\"overlay\"><\/div>            \n                    <\/div>\n\t\t\n        <div class=\"banner-layers container\">\n            <div class=\"fill banner-link\"><\/div>            \n\n   <div id=\"text-box-1543796453\" class=\"text-box banner-layer x50 md-x80 lg-x50 y20 md-y50 lg-y50 res-text\">\n                     <div data-animate=\"fadeInRight\">           <div class=\"text-box-content text dark\">\n              \n              <div class=\"text-inner text-left\">\n                  \n\n\t<div id=\"text-126092178\" class=\"text\">\n\t\t\n\n<h2> Energ\u00e9ticos Renovables Hondupalma <\/h2>\n\t\t\n<style>\n#text-126092178 {\n  text-align: center;\n}\n<\/style>\n\t<\/div>\n\t\n\n              <\/div>\n           <\/div>\n       <\/div>                     \n<style>\n#text-box-1543796453 {\n  width: 78%;\n}\n#text-box-1543796453 .text-box-content {\n  font-size: 100%;\n}\n@media (min-width:550px) {\n  #text-box-1543796453 {\n    width: 48%;\n  }\n}\n<\/style>\n    <\/div>\n \n\n        <\/div>\n      <\/div>\n\n            \n<style>\n#banner-403358053 {\n  padding-top: 186px;\n}\n#banner-403358053 .bg.bg-loaded {\n  background-image: url(https:\/\/hondupalmahn.com\/home\/wp-content\/uploads\/2022\/02\/erh.jpg);\n}\n#banner-403358053 .overlay {\n  background-color: rgba(0, 0, 0, 0.2);\n}\n#banner-403358053 .bg {\n  background-position: 42% 27%;\n}\n#banner-403358053 .ux-shape-divider--top svg {\n  height: 150px;\n  --divider-top-width: 100%;\n}\n#banner-403358053 .ux-shape-divider--bottom svg {\n  height: 150px;\n  --divider-width: 100%;\n}\n<\/style>\n  <\/div>\n\n\n\n     <\/div>\n\n     <div class=\"loading-spin dark large centered\"><\/div>\n\n     \t<\/div>\n\n\n\n\t\t<\/div>\n\n\t\t\n<style>\n#section_1813179327 {\n  padding-top: 0px;\n  padding-bottom: 0px;\n  background-color: rgb(255,255,255);\n}\n#section_1813179327 .ux-shape-divider--top svg {\n  height: 150px;\n  --divider-top-width: 100%;\n}\n#section_1813179327 .ux-shape-divider--bottom svg {\n  height: 36px;\n  --divider-width: 100%;\n}\n<\/style>\n\t<\/section>\n\t\n\t<section class=\"section\" id=\"section_1447931468\">\n\t\t<div class=\"bg section-bg fill bg-fill  bg-loaded\" >\n\n\t\t\t\n\t\t\t\n\t\t\t\n\n\t\t<\/div>\n\n\t\t\n\n\t\t<div class=\"section-content relative\">\n\t\t\t\n\n<div class=\"row\"  id=\"row-429061785\">\n\n\n\t<div id=\"col-1874285480\" class=\"col medium-1 small-12 large-1\"  >\n\t\t\t\t<div class=\"col-inner\"  >\n\t\t\t\n\t\t\t\n\n\n\t\t<\/div>\n\t\t\t\t\t<\/div>\n\n\t\n\n\t<div id=\"col-2140273934\" class=\"col medium-10 small-12 large-10\"  data-animate=\"fadeInUp\">\n\t\t\t\t<div class=\"col-inner\"  >\n\t\t\t\n\t\t\t\n\n<div class=\"accordion\" rel=\"1\">\n\n<div class=\"accordion-item\"><a href=\"#\" class=\"accordion-title plain\"><button class=\"toggle\"><i class=\"icon-angle-down\"><\/i><\/button><span>Breve Rese\u00f1a<\/span><\/a><div class=\"accordion-inner\">\n\n<p>Hondupalma es una empresa agroindustrial producto de la reforma agraria de nuestro pa\u00eds, que tuvo sus or\u00edgenes en la d\u00e9cada de los a\u00f1os setenta, est\u00e1 formada por 30 empresas de base dedicadas al cultivo e industrializaci\u00f3n de la palma africana.<\/p>\n<p>Es de reconocer que el proceso de extracci\u00f3n de aceite de palma africana produce desechos s\u00f3lidos y l\u00edquidos que al ser almacenados en forma inapropiada generan contaminaci\u00f3n ambiental.<\/p>\n<p>Por esta raz\u00f3n y como un ejemplo de responsabilidad social empresarial las 30 bases y Hondupalma decidieron desarrollar la nueva empresa ENERGETICOS RENOVABLES HONDUPALMA ERH.<\/p>\n\n<\/div><\/div>\n<div class=\"accordion-item\"><a href=\"#\" class=\"accordion-title plain\"><button class=\"toggle\"><i class=\"icon-angle-down\"><\/i><\/button><span>Antecedentes<\/span><\/a><div class=\"accordion-inner\">\n\n<p><strong>Fundaci\u00f3n<\/strong><\/p>\n<p>Fundada el 16 de julio del a\u00f1o 2008 como una empresa de segundo grado y pertenece al sector social de la econom\u00eda.<\/p>\n<p><strong>Ubicaci\u00f3n<\/strong><\/p>\n<p>El proyecto est\u00e1 ubicado en Aldea La 36, Guaymas Municipio de El Negrito, Departamento de Yoro, a 35 Km al noreste de la Ciudad de El Progreso, Yoro.<\/p>\n<p><strong>Socios<\/strong><\/p>\n<p>Est\u00e1 formada por 30 Empresas Asociativas Campesinas y una Agroindustrial.<\/p>\n<p><strong>Aspecto Organizativo<\/strong><\/p>\n<p>La m\u00e1xima autoridad es la Asamblea General la cual est\u00e1 formada por tres delegados representantes de cada base, y dentro de sus funciones est\u00e1n elegir la Junta Directiva y Junta Fiscalizadora.<br \/>El periodo de los miembros de Junta Directiva Y Fiscalizadora es de dos a\u00f1os, con opci\u00f3n a ser reelectos m\u00e1ximo por un periodo m\u00e1s.<\/p>\n<p><strong>Administraci\u00f3n<\/strong><\/p>\n<p>La direcci\u00f3n administrativa de la empresa est\u00e1 a cargo de la Junta Directiva y el Gerente General.<\/p>\n<p><strong>Tipo de Empresa<\/strong><\/p>\n<p>Somos una Empresa Cooperativa de producci\u00f3n de energ\u00eda renovable a base de biog\u00e1s<\/p>\n\n<\/div><\/div>\n<div class=\"accordion-item\"><a href=\"#\" class=\"accordion-title plain\"><button class=\"toggle\"><i class=\"icon-angle-down\"><\/i><\/button><span>Estructura organizacional<\/span><\/a><div class=\"accordion-inner\">\n\n\t<div class=\"img has-hover x md-x lg-x y md-y lg-y\" id=\"image_1677193199\">\n\t\t\t\t\t\t\t\t<div class=\"img-inner dark\" >\n\t\t\t<img loading=\"lazy\" decoding=\"async\" width=\"500\" height=\"400\" src=\"https:\/\/hondupalmahn.com\/home\/wp-content\/uploads\/2022\/10\/estructura1.jpeg\" class=\"attachment-large size-large\" alt=\"\" srcset=\"https:\/\/hondupalmahn.com\/home\/wp-content\/uploads\/2022\/10\/estructura1.jpeg 500w, https:\/\/hondupalmahn.com\/home\/wp-content\/uploads\/2022\/10\/estructura1-300x240.jpeg 300w\" sizes=\"auto, (max-width: 500px) 100vw, 500px\" \/>\t\t\t\t\t\t\n\t\t\t\t\t<\/div>\n\t\t\t\t\t\t\t\t\n<style>\n#image_1677193199 {\n  width: 52%;\n}\n<\/style>\n\t<\/div>\n\t\n\n\n<\/div><\/div>\n<div class=\"accordion-item\"><a href=\"#\" class=\"accordion-title plain\"><button class=\"toggle\"><i class=\"icon-angle-down\"><\/i><\/button><span>Planeaci\u00f3n estrat\u00e9gica<\/span><\/a><div class=\"accordion-inner\">\n\n<p><strong>Misi\u00f3n<\/strong><\/p>\n<p>Somos una empresa de tipo ambiental que produce energ\u00eda renovable de excelente calidad a base de biog\u00e1s, con tecnolog\u00eda actualizada que garantiza el suministro oportuno y eficiente, aprovechando nuestros recursos y capacidades disponibles para satisfacer a nuestros clientes actuales y potenciales, con proyecci\u00f3n social que contribuye de forma sostenible a reducir la contaminaci\u00f3n ambiental, generando empleo y beneficios econ\u00f3micos para los asociados, empleados y la comunidad en general.<\/p>\n<p><strong>Visi\u00f3n<\/strong><\/p>\n<p>Ser el proyecto modelo en producci\u00f3n de energ\u00eda renovable del pa\u00eds para lograr la independencia energ\u00e9tica de nuestra empresa, consolidando nuestros principios y valores organizacionales con responsabilidad social empresarial.<\/p>\n<p><strong>Definici\u00f3n<\/strong><\/p>\n<p>Este proyecto consiste en un sistema de producci\u00f3n, captaci\u00f3n y tratamiento de Biog\u00e1s a partir del aprovechamiento de las aguas residuales de la planta extractora, el cual es utilizado para la sustituci\u00f3n de combustibles f\u00f3siles y generaci\u00f3n de electricidad para el proceso productivo industrial de Hondupalma.<\/p>\n<p><strong>Objetivo<\/strong><\/p>\n<p>El prop\u00f3sito es lograr la autosuficiencia energ\u00e9tica para reducir al m\u00ednimo la compra de combustibles f\u00f3siles y energ\u00eda el\u00e9ctrica que adem\u00e1s de ser contaminantes del medio ambiente representan altos costo de producci\u00f3n para la empresa.<br \/>Adem\u00e1s el proyecto se traduce de forma sostenible en beneficios sociales y ambientales con la generaci\u00f3n de nuevos empleos y reducci\u00f3n de emisiones contaminantes causantes del cambio clim\u00e1tico o efecto invernadero.<\/p>\n<p><strong>Costo del Proyecto<\/strong><\/p>\n<p>La inversi\u00f3n es de 60 millones de lempiras los cuales fueron aportados por las 30 bases, Hondupalma y financiamiento complementario con un banco local.<\/p>\n<p><strong>Tecnolog\u00eda<\/strong><\/p>\n<p>El proyecto funciona de forma automatizada conectado a un PLC y sistema de SCADA que registra procesa y almacena los datos de la producci\u00f3n y consumos del biog\u00e1s, lo cual permite disponer de informaci\u00f3n actualizada en el momento que se necesite.<\/p>\n\n<\/div><\/div>\n<div class=\"accordion-item\"><a href=\"#\" class=\"accordion-title plain\"><button class=\"toggle\"><i class=\"icon-angle-down\"><\/i><\/button><span>Operaci\u00f3n<\/span><\/a><div class=\"accordion-inner\">\n\n<p>Para garantizar el buen funcionamiento del proyecto se firmo acuerdo de administraci\u00f3n delegada por tres a\u00f1os con<br \/>\n                                    la empresa BIOTEC, con lo cual hemos ganado experiencia y aprendizaje para nuestro personal t\u00e9cnico y administrativo<br \/>\n                                    que posteriormente se har\u00e1 cargo de la operaci\u00f3n del proyecto.<\/p>\n\t<div class=\"img has-hover x md-x lg-x y md-y lg-y\" id=\"image_801933942\">\n\t\t\t\t\t\t\t\t<div class=\"img-inner dark\" >\n\t\t\t<img loading=\"lazy\" decoding=\"async\" width=\"504\" height=\"298\" src=\"https:\/\/hondupalmahn.com\/home\/wp-content\/uploads\/2022\/10\/consumo.jpeg\" class=\"attachment-large size-large\" alt=\"\" srcset=\"https:\/\/hondupalmahn.com\/home\/wp-content\/uploads\/2022\/10\/consumo.jpeg 504w, https:\/\/hondupalmahn.com\/home\/wp-content\/uploads\/2022\/10\/consumo-300x177.jpeg 300w\" sizes=\"auto, (max-width: 504px) 100vw, 504px\" \/>\t\t\t\t\t\t\n\t\t\t\t\t<\/div>\n\t\t\t\t\t\t\t\t\n<style>\n#image_801933942 {\n  width: 58%;\n}\n<\/style>\n\t<\/div>\n\t\n\n\n<\/div><\/div>\n<div class=\"accordion-item\"><a href=\"#\" class=\"accordion-title plain\"><button class=\"toggle\"><i class=\"icon-angle-down\"><\/i><\/button><span>Beneficios<\/span><\/a><div class=\"accordion-inner\">\n\n<p><strong>Ambientales<\/strong><\/p>\n<p>Reducci\u00f3n de emisiones de gas metano.<br \/>Reducci\u00f3n del consumo de combustibles f\u00f3siles (b\u00fanker y diesel) en la planta refinadora.<br \/>Generaci\u00f3n de electricidad con un motor con capacidad de 860 kilowatt por hora.<br \/>Utilizaci\u00f3n de los lodos provenientes de los biodigestores como abono org\u00e1nico reduciendo el uso de abonos qu\u00edmicos en las plantaciones de palma africana.<br \/>Implementaci\u00f3n de mejores pr\u00e1cticas para el manejo y tratamiento de los efluentes provenientes del proceso de la planta extractora.<br \/>Mejora en la calidad del agua resultante del proceso de tratamiento del sistema.<\/p>\n<p><span style=\"font-size: 14.4px;\"><b>Econ\u00f3micos<\/b><\/span><\/p>\n<p>Reducci\u00f3n de costos de producci\u00f3n en compra de energ\u00eda el\u00e9ctrica a la red.<br \/>Reducci\u00f3n en costos de recolecci\u00f3n, transporte, tratamiento y disposici\u00f3n final de residuos s\u00f3lidos y l\u00edquidos.<br \/>Generaci\u00f3n de empleos (45 durante la construcci\u00f3n del proyecto y 10 para la operaci\u00f3n)<br \/>Reducci\u00f3n de costos de producci\u00f3n por el ahorro en compra de combustibles.<br \/>Lograr la autosuficiencia energ\u00e9tica.<br \/>Ingresos por bonos de carbono al ser registrado como un proyecto Mecanismo de Desarrollo Limpio.<\/p>\n<p><strong>Sociales<\/strong><\/p>\n<p>Alivio de la pobreza mediante la generaci\u00f3n de empleo, promoci\u00f3n de la actividad econ\u00f3mica y desarrollo de capacidades.<br \/>Mejora de la calidad de vida en las comunidades mediante el mejoramiento de condiciones de salud, educaci\u00f3n, protecci\u00f3n del ambiente y obras de infraestructura.<br \/>Es un ejemplo de la Responsabilidad Social Empresarial y Ambiental mediante la asistencia en proyectos de desarrollo comunitario.<br \/>Reducci\u00f3n de malos olores que pueden afectar la salud de los habitantes de las zonas m\u00e1s cercanas.<\/p>\n\n<\/div><\/div>\n\n<\/div>\n\n\t\t<\/div>\n\t\t\t\t\t<\/div>\n\n\t\n\n<\/div>\n\n\t\t<\/div>\n\n\t\t\n<style>\n#section_1447931468 {\n  padding-top: 94px;\n  padding-bottom: 94px;\n  background-color: rgb(255, 255, 255);\n}\n#section_1447931468 .ux-shape-divider--top svg {\n  height: 150px;\n  --divider-top-width: 100%;\n}\n#section_1447931468 .ux-shape-divider--bottom svg {\n  height: 150px;\n  --divider-width: 100%;\n}\n<\/style>\n\t<\/section>\n\t\n\n","protected":false},"excerpt":{"rendered":"","protected":false},"author":1,"featured_media":0,"parent":0,"menu_order":0,"comment_status":"closed","ping_status":"closed","template":"page-blank.php","meta":{"footnotes":""},"class_list":["post-601","page","type-page","status-publish","hentry"],"_links":{"self":[{"href":"https:\/\/hondupalmahn.com\/home\/wp-json\/wp\/v2\/pages\/601","targetHints":{"allow":["GET"]}}],"collection":[{"href":"https:\/\/hondupalmahn.com\/home\/wp-json\/wp\/v2\/pages"}],"about":[{"href":"https:\/\/hondupalmahn.com\/home\/wp-json\/wp\/v2\/types\/page"}],"author":[{"embeddable":true,"href":"https:\/\/hondupalmahn.com\/home\/wp-json\/wp\/v2\/users\/1"}],"replies":[{"embeddable":true,"href":"https:\/\/hondupalmahn.com\/home\/wp-json\/wp\/v2\/comments?post=601"}],"version-history":[{"count":11,"href":"https:\/\/hondupalmahn.com\/home\/wp-json\/wp\/v2\/pages\/601\/revisions"}],"predecessor-version":[{"id":614,"href":"https:\/\/hondupalmahn.com\/home\/wp-json\/wp\/v2\/pages\/601\/revisions\/614"}],"wp:attachment":[{"href":"https:\/\/hondupalmahn.com\/home\/wp-json\/wp\/v2\/media?parent=601"}],"curies":[{"name":"wp","href":"https:\/\/api.w.org\/{rel}","templated":true}]}}