{"id":435,"date":"2022-05-26T18:52:10","date_gmt":"2022-05-26T18:52:10","guid":{"rendered":"https:\/\/hondupalmahn.com\/home\/?page_id=435"},"modified":"2023-09-25T19:01:23","modified_gmt":"2023-09-25T19:01:23","slug":"fssc-22000-sistema-de-gestion-de-seguridad-alimentaria","status":"publish","type":"page","link":"https:\/\/hondupalmahn.com\/home\/fssc-22000-sistema-de-gestion-de-seguridad-alimentaria\/","title":{"rendered":"FSSC 22000 Sistema de Gesti\u00f3n de Seguridad Alimentaria"},"content":{"rendered":"\n\t<section class=\"section dark\" id=\"section_2119110555\">\n\t\t<div class=\"bg section-bg fill bg-fill  bg-loaded\" >\n\n\t\t\t\n\t\t\t\n\t\t\t\n\n\t\t<\/div>\n\n\t\t\n\t<div class=\"ux-shape-divider ux-shape-divider--bottom ux-shape-divider--style-curve-opacity ux-shape-divider--to-front\">\n\t\t<svg viewBox=\"0 0 1000 100\" xmlns=\"http:\/\/www.w3.org\/2000\/svg\" preserveAspectRatio=\"none\">\n\t\t<path class=\"ux-shape-fill\" opacity=\"0.15\" d=\"M0 14C0 14 88.64 17.48 300 50C560 90 814 77 1003 40L1015 68L1018 104H0V14Z\"\/>\n\t\t<path class=\"ux-shape-fill\" opacity=\"0.3\" d=\"M0 45C0 45 271 90.13 500 77C657 68 830 30 1015 14V100H0V45Z\"\/>\n\t\t<path class=\"ux-shape-fill\" d=\"M0 58C0 58 188.29 90 508 90C798 90 1002 55 1002 55V100H0V58Z\"\/>\n<\/svg>\n\t<\/div>\n\n\t\t<div class=\"section-content relative\">\n\t\t\t\n\n<div class=\"slider-wrapper relative\" id=\"slider-211076452\" >\n    <div class=\"slider slider-nav-simple slider-nav-large slider-nav-light slider-style-normal slider-show-nav\"\n        data-flickity-options='{\n            \"cellAlign\": \"center\",\n            \"imagesLoaded\": true,\n            \"lazyLoad\": 1,\n            \"freeScroll\": false,\n            \"wrapAround\": true,\n            \"autoPlay\": 5000,\n            \"pauseAutoPlayOnHover\" : true,\n            \"prevNextButtons\": true,\n            \"contain\" : true,\n            \"adaptiveHeight\" : true,\n            \"dragThreshold\" : 10,\n            \"percentPosition\": true,\n            \"pageDots\": false,\n            \"rightToLeft\": false,\n            \"draggable\": true,\n            \"selectedAttraction\": 0.1,\n            \"parallax\" : 0,\n            \"friction\": 0.6        }'\n        >\n        \n\n\n  <div class=\"banner has-hover\" id=\"banner-647486513\">\n          <div class=\"banner-inner fill\">\n        <div class=\"banner-bg fill\" >\n            <div class=\"bg fill bg-fill \"><\/div>\n                        <div class=\"overlay\"><\/div>            \n                    <\/div>\n\t\t\n        <div class=\"banner-layers container\">\n            <div class=\"fill banner-link\"><\/div>            \n\n   <div id=\"text-box-1367430879\" class=\"text-box banner-layer x50 md-x80 lg-x50 y20 md-y50 lg-y50 res-text\">\n                     <div data-animate=\"fadeInRight\">           <div class=\"text-box-content text dark\">\n              \n              <div class=\"text-inner text-left\">\n                  \n\n\t<div id=\"text-88628182\" class=\"text\">\n\t\t\n\n<h2>FSSC 22000 Sistema de Gesti\u00f3n de Seguridad Alimentaria<br>\n<\/h2>\n\t\t\n<style>\n#text-88628182 {\n  text-align: center;\n}\n<\/style>\n\t<\/div>\n\t\n\n              <\/div>\n           <\/div>\n       <\/div>                     \n<style>\n#text-box-1367430879 {\n  width: 78%;\n}\n#text-box-1367430879 .text-box-content {\n  font-size: 100%;\n}\n@media (min-width:550px) {\n  #text-box-1367430879 {\n    width: 68%;\n  }\n}\n<\/style>\n    <\/div>\n \n\n        <\/div>\n      <\/div>\n\n            \n<style>\n#banner-647486513 {\n  padding-top: 186px;\n}\n#banner-647486513 .bg.bg-loaded {\n  background-image: url(https:\/\/hondupalmahn.com\/home\/wp-content\/uploads\/2022\/02\/erh.jpg);\n}\n#banner-647486513 .overlay {\n  background-color: rgba(0, 0, 0, 0.2);\n}\n#banner-647486513 .bg {\n  background-position: 42% 27%;\n}\n#banner-647486513 .ux-shape-divider--top svg {\n  height: 150px;\n  --divider-top-width: 100%;\n}\n#banner-647486513 .ux-shape-divider--bottom svg {\n  height: 150px;\n  --divider-width: 100%;\n}\n<\/style>\n  <\/div>\n\n\n\n     <\/div>\n\n     <div class=\"loading-spin dark large centered\"><\/div>\n\n     \t<\/div>\n\n\n\n\t\t<\/div>\n\n\t\t\n<style>\n#section_2119110555 {\n  padding-top: 0px;\n  padding-bottom: 0px;\n  background-color: rgb(255,255,255);\n}\n#section_2119110555 .ux-shape-divider--top svg {\n  height: 150px;\n  --divider-top-width: 100%;\n}\n#section_2119110555 .ux-shape-divider--bottom svg {\n  height: 36px;\n  --divider-width: 100%;\n}\n<\/style>\n\t<\/section>\n\t\n\t<section class=\"section\" id=\"section_1194753508\">\n\t\t<div class=\"bg section-bg fill bg-fill  bg-loaded\" >\n\n\t\t\t\n\t\t\t\n\t\t\t\n\n\t\t<\/div>\n\n\t\t\n\n\t\t<div class=\"section-content relative\">\n\t\t\t\n\n<div class=\"row\"  id=\"row-1228357332\">\n\n\n\t<div id=\"col-477141833\" class=\"col medium-1 small-12 large-1\"  >\n\t\t\t\t<div class=\"col-inner\"  >\n\t\t\t\n\t\t\t\n\n\n\t\t<\/div>\n\t\t\t\t\t<\/div>\n\n\t\n\n\t<div id=\"col-1817037306\" class=\"col medium-10 small-12 large-10\"  data-animate=\"fadeInUp\">\n\t\t\t\t<div class=\"col-inner\"  >\n\t\t\t\n\t\t\t\n\n\t<div id=\"text-1056054133\" class=\"text\">\n\t\t\n\n<p>Hondupalma a trav\u00e9s de \u00e9sta certificaci\u00f3n demuestra su capacidad para el cumplimiento de sus compromisos con la seguridad alimentaria a lo largo de toda la cadena controlando los peligros relacionados con la inocuidad de los alimentos, con el objeto de asegurarse de que el alimento es inocuo en el momento del consumo humano, mediante la mejora continua del sistema de gesti\u00f3n.<\/p>\n\t\t\n<style>\n#text-1056054133 {\n  font-size: 1.2rem;\n  line-height: 1.4;\n}\n<\/style>\n\t<\/div>\n\t\n\t<div class=\"img has-hover x md-x lg-x y md-y lg-y\" id=\"image_2093716416\">\n\t\t\t\t\t\t\t\t<div class=\"img-inner dark\" >\n\t\t\t<img loading=\"lazy\" decoding=\"async\" width=\"761\" height=\"1024\" src=\"https:\/\/hondupalmahn.com\/home\/wp-content\/uploads\/2023\/09\/CERTIFICADOFSSC22000-761x1024.jpg\" class=\"attachment-large size-large\" alt=\"\" srcset=\"https:\/\/hondupalmahn.com\/home\/wp-content\/uploads\/2023\/09\/CERTIFICADOFSSC22000-761x1024.jpg 761w, https:\/\/hondupalmahn.com\/home\/wp-content\/uploads\/2023\/09\/CERTIFICADOFSSC22000-223x300.jpg 223w, https:\/\/hondupalmahn.com\/home\/wp-content\/uploads\/2023\/09\/CERTIFICADOFSSC22000-768x1033.jpg 768w, https:\/\/hondupalmahn.com\/home\/wp-content\/uploads\/2023\/09\/CERTIFICADOFSSC22000-1141x1536.jpg 1141w, https:\/\/hondupalmahn.com\/home\/wp-content\/uploads\/2023\/09\/CERTIFICADOFSSC22000.jpg 1458w\" sizes=\"auto, (max-width: 761px) 100vw, 761px\" \/>\t\t\t\t\t\t\n\t\t\t\t\t<\/div>\n\t\t\t\t\t\t\t\t\n<style>\n#image_2093716416 {\n  width: 100%;\n}\n<\/style>\n\t<\/div>\n\t\n\n\n\t\t<\/div>\n\t\t\t\t\t<\/div>\n\n\t\n\n<\/div>\n\n\t\t<\/div>\n\n\t\t\n<style>\n#section_1194753508 {\n  padding-top: 94px;\n  padding-bottom: 94px;\n  background-color: rgb(255, 255, 255);\n}\n#section_1194753508 .ux-shape-divider--top svg {\n  height: 150px;\n  --divider-top-width: 100%;\n}\n#section_1194753508 .ux-shape-divider--bottom svg {\n  height: 150px;\n  --divider-width: 100%;\n}\n<\/style>\n\t<\/section>\n\t\n\n","protected":false},"excerpt":{"rendered":"","protected":false},"author":1,"featured_media":0,"parent":0,"menu_order":0,"comment_status":"closed","ping_status":"closed","template":"page-blank.php","meta":{"footnotes":""},"class_list":["post-435","page","type-page","status-publish","hentry"],"_links":{"self":[{"href":"https:\/\/hondupalmahn.com\/home\/wp-json\/wp\/v2\/pages\/435","targetHints":{"allow":["GET"]}}],"collection":[{"href":"https:\/\/hondupalmahn.com\/home\/wp-json\/wp\/v2\/pages"}],"about":[{"href":"https:\/\/hondupalmahn.com\/home\/wp-json\/wp\/v2\/types\/page"}],"author":[{"embeddable":true,"href":"https:\/\/hondupalmahn.com\/home\/wp-json\/wp\/v2\/users\/1"}],"replies":[{"embeddable":true,"href":"https:\/\/hondupalmahn.com\/home\/wp-json\/wp\/v2\/comments?post=435"}],"version-history":[{"count":6,"href":"https:\/\/hondupalmahn.com\/home\/wp-json\/wp\/v2\/pages\/435\/revisions"}],"predecessor-version":[{"id":701,"href":"https:\/\/hondupalmahn.com\/home\/wp-json\/wp\/v2\/pages\/435\/revisions\/701"}],"wp:attachment":[{"href":"https:\/\/hondupalmahn.com\/home\/wp-json\/wp\/v2\/media?parent=435"}],"curies":[{"name":"wp","href":"https:\/\/api.w.org\/{rel}","templated":true}]}}