{"id":380,"date":"2022-05-26T16:56:54","date_gmt":"2022-05-26T16:56:54","guid":{"rendered":"https:\/\/hondupalmahn.com\/home\/?page_id=380"},"modified":"2025-06-23T15:23:09","modified_gmt":"2025-06-23T21:23:09","slug":"proyeccion-social-en-el-medio-ambiente","status":"publish","type":"page","link":"https:\/\/hondupalmahn.com\/home\/proyeccion-social-en-el-medio-ambiente\/","title":{"rendered":"Proyecci\u00f3n Social En El Medio Ambiente\ufffc"},"content":{"rendered":"\n\t<section class=\"section dark\" id=\"section_1535743798\">\n\t\t<div class=\"bg section-bg fill bg-fill  bg-loaded\" >\n\n\t\t\t\n\t\t\t\n\t\t\t\n\n\t\t<\/div>\n\n\t\t\n\t<div class=\"ux-shape-divider ux-shape-divider--bottom ux-shape-divider--style-curve-opacity ux-shape-divider--to-front\">\n\t\t<svg viewBox=\"0 0 1000 100\" xmlns=\"http:\/\/www.w3.org\/2000\/svg\" preserveAspectRatio=\"none\">\n\t\t<path class=\"ux-shape-fill\" opacity=\"0.15\" d=\"M0 14C0 14 88.64 17.48 300 50C560 90 814 77 1003 40L1015 68L1018 104H0V14Z\"\/>\n\t\t<path class=\"ux-shape-fill\" opacity=\"0.3\" d=\"M0 45C0 45 271 90.13 500 77C657 68 830 30 1015 14V100H0V45Z\"\/>\n\t\t<path class=\"ux-shape-fill\" d=\"M0 58C0 58 188.29 90 508 90C798 90 1002 55 1002 55V100H0V58Z\"\/>\n<\/svg>\n\t<\/div>\n\n\t\t<div class=\"section-content relative\">\n\t\t\t\n\n<div class=\"slider-wrapper relative\" id=\"slider-1032761776\" >\n    <div class=\"slider slider-nav-simple slider-nav-large slider-nav-light slider-style-normal slider-show-nav\"\n        data-flickity-options='{\n            \"cellAlign\": \"center\",\n            \"imagesLoaded\": true,\n            \"lazyLoad\": 1,\n            \"freeScroll\": false,\n            \"wrapAround\": true,\n            \"autoPlay\": 5000,\n            \"pauseAutoPlayOnHover\" : true,\n            \"prevNextButtons\": true,\n            \"contain\" : true,\n            \"adaptiveHeight\" : true,\n            \"dragThreshold\" : 10,\n            \"percentPosition\": true,\n            \"pageDots\": false,\n            \"rightToLeft\": false,\n            \"draggable\": true,\n            \"selectedAttraction\": 0.1,\n            \"parallax\" : 0,\n            \"friction\": 0.6        }'\n        >\n        \n\n\n  <div class=\"banner has-hover\" id=\"banner-1885523187\">\n          <div class=\"banner-inner fill\">\n        <div class=\"banner-bg fill\" >\n            <div class=\"bg fill bg-fill \"><\/div>\n                        <div class=\"overlay\"><\/div>            \n                    <\/div>\n\t\t\n        <div class=\"banner-layers container\">\n            <div class=\"fill banner-link\"><\/div>            \n\n   <div id=\"text-box-130932116\" class=\"text-box banner-layer x50 md-x80 lg-x50 y20 md-y50 lg-y50 res-text\">\n                     <div data-animate=\"fadeInRight\">           <div class=\"text-box-content text dark\">\n              \n              <div class=\"text-inner text-left\">\n                  \n\n\t<div id=\"text-248921668\" class=\"text\">\n\t\t\n\n<h2>Proyecci\u00f3n Social En El Medio Ambiente<br \/>\n<\/h2>\n\t\t\n<style>\n#text-248921668 {\n  text-align: center;\n}\n<\/style>\n\t<\/div>\n\t\n\n              <\/div>\n           <\/div>\n       <\/div>                     \n<style>\n#text-box-130932116 {\n  width: 78%;\n}\n#text-box-130932116 .text-box-content {\n  font-size: 100%;\n}\n@media (min-width:550px) {\n  #text-box-130932116 {\n    width: 48%;\n  }\n}\n<\/style>\n    <\/div>\n \n\n        <\/div>\n      <\/div>\n\n            \n<style>\n#banner-1885523187 {\n  padding-top: 186px;\n}\n#banner-1885523187 .bg.bg-loaded {\n  background-image: url(https:\/\/hondupalmahn.com\/home\/wp-content\/uploads\/2022\/02\/erh.jpg);\n}\n#banner-1885523187 .overlay {\n  background-color: rgba(0, 0, 0, 0.2);\n}\n#banner-1885523187 .bg {\n  background-position: 42% 27%;\n}\n#banner-1885523187 .ux-shape-divider--top svg {\n  height: 150px;\n  --divider-top-width: 100%;\n}\n#banner-1885523187 .ux-shape-divider--bottom svg {\n  height: 150px;\n  --divider-width: 100%;\n}\n<\/style>\n  <\/div>\n\n\n\n     <\/div>\n\n     <div class=\"loading-spin dark large centered\"><\/div>\n\n     \t<\/div>\n\n\n\n\t\t<\/div>\n\n\t\t\n<style>\n#section_1535743798 {\n  padding-top: 0px;\n  padding-bottom: 0px;\n  background-color: rgb(255,255,255);\n}\n#section_1535743798 .ux-shape-divider--top svg {\n  height: 150px;\n  --divider-top-width: 100%;\n}\n#section_1535743798 .ux-shape-divider--bottom svg {\n  height: 36px;\n  --divider-width: 100%;\n}\n<\/style>\n\t<\/section>\n\t\n\t<section class=\"section\" id=\"section_896723620\">\n\t\t<div class=\"bg section-bg fill bg-fill  bg-loaded\" >\n\n\t\t\t\n\t\t\t\n\t\t\t\n\n\t\t<\/div>\n\n\t\t\n\n\t\t<div class=\"section-content relative\">\n\t\t\t\n\n<div class=\"row\"  id=\"row-205321418\">\n\n\n\t<div id=\"col-1449255343\" class=\"col medium-4 small-12 large-4\"  data-animate=\"fadeInUp\">\n\t\t\t\t<div class=\"col-inner\"  >\n\t\t\t\n\t\t\t\n\n\t<div class=\"box has-hover   has-hover box-text-bottom\" >\n\n\t\t<div class=\"box-image\" >\n\t\t\t<a href=\"https:\/\/hondupalmahn.com\/home\/wp-content\/uploads\/2024\/07\/INFORMEGESTIONAMBIENTAL2023-1.pdf\" target=\"_blank\" rel=\"noopener noreferrer\" >\t\t\t<div class=\"\" >\n\t\t\t\t<img loading=\"lazy\" decoding=\"async\" width=\"1280\" height=\"734\" src=\"https:\/\/hondupalmahn.com\/home\/wp-content\/uploads\/2024\/07\/WhatsApp-Image-2024-07-01-at-3.42.30-PM.jpeg\" class=\"attachment- size-\" alt=\"\" srcset=\"https:\/\/hondupalmahn.com\/home\/wp-content\/uploads\/2024\/07\/WhatsApp-Image-2024-07-01-at-3.42.30-PM.jpeg 1280w, https:\/\/hondupalmahn.com\/home\/wp-content\/uploads\/2024\/07\/WhatsApp-Image-2024-07-01-at-3.42.30-PM-300x172.jpeg 300w, https:\/\/hondupalmahn.com\/home\/wp-content\/uploads\/2024\/07\/WhatsApp-Image-2024-07-01-at-3.42.30-PM-1024x587.jpeg 1024w, https:\/\/hondupalmahn.com\/home\/wp-content\/uploads\/2024\/07\/WhatsApp-Image-2024-07-01-at-3.42.30-PM-768x440.jpeg 768w\" sizes=\"auto, (max-width: 1280px) 100vw, 1280px\" \/>\t\t\t\t\t\t\t\t\t\t\t<\/div>\n\t\t\t<\/a>\t\t<\/div>\n\n\t\t<div class=\"box-text text-center dark\" >\n\t\t\t<div class=\"box-text-inner\">\n\t\t\t\t\n\n<h4>Gesti\u00f3n Ambiental 2024<\/h4>\n<p>Planes de reducci\u00f3n de GEI, comunicaciones con las autoridades ambientales, protecci\u00f3n de la vida silvestre, las fuentes de aguas y otros temas de inter\u00e9s ambiental.<\/p>\n\n\t\t\t<\/div>\n\t\t<\/div>\n\t<\/div>\n\t\n\n\t\t<\/div>\n\t\t\t\t\t<\/div>\n\n\t\n\n\t<div id=\"col-1004212756\" class=\"col medium-4 small-12 large-4\"  data-animate=\"fadeInUp\">\n\t\t\t\t<div class=\"col-inner\"  >\n\t\t\t\n\t\t\t\n\n\t<div class=\"box has-hover   has-hover box-text-bottom\" >\n\n\t\t<div class=\"box-image\" style=\"width:64%;\">\n\t\t\t<a href=\"https:\/\/hondupalmahn.com\/home\/wp-content\/uploads\/2025\/06\/INFORMEGESTIONAMBIENTAL2025.pdf\" target=\"_blank\" rel=\"noopener noreferrer\" >\t\t\t<div class=\"\" >\n\t\t\t\t<img loading=\"lazy\" decoding=\"async\" width=\"2481\" height=\"2192\" src=\"https:\/\/hondupalmahn.com\/home\/wp-content\/uploads\/2025\/06\/Caratula-Gestion-Ambiental-2025.jpg\" class=\"attachment- size-\" alt=\"\" srcset=\"https:\/\/hondupalmahn.com\/home\/wp-content\/uploads\/2025\/06\/Caratula-Gestion-Ambiental-2025.jpg 2481w, https:\/\/hondupalmahn.com\/home\/wp-content\/uploads\/2025\/06\/Caratula-Gestion-Ambiental-2025-300x265.jpg 300w, https:\/\/hondupalmahn.com\/home\/wp-content\/uploads\/2025\/06\/Caratula-Gestion-Ambiental-2025-1024x905.jpg 1024w, https:\/\/hondupalmahn.com\/home\/wp-content\/uploads\/2025\/06\/Caratula-Gestion-Ambiental-2025-768x679.jpg 768w, https:\/\/hondupalmahn.com\/home\/wp-content\/uploads\/2025\/06\/Caratula-Gestion-Ambiental-2025-1536x1357.jpg 1536w, https:\/\/hondupalmahn.com\/home\/wp-content\/uploads\/2025\/06\/Caratula-Gestion-Ambiental-2025-2048x1809.jpg 2048w\" sizes=\"auto, (max-width: 2481px) 100vw, 2481px\" \/>\t\t\t\t\t\t\t\t\t\t\t<\/div>\n\t\t\t<\/a>\t\t<\/div>\n\n\t\t<div class=\"box-text text-center dark\" >\n\t\t\t<div class=\"box-text-inner\">\n\t\t\t\t\n\n<h4>Gesti\u00f3n Ambiental 2025<\/h4>\n<p>Planes de reducci\u00f3n de GEI, comunicaciones con las autoridades ambientales, protecci\u00f3n de la vida silvestre, las fuentes de aguas y otros temas de inter\u00e9s ambiental.<\/p>\n\n\t\t\t<\/div>\n\t\t<\/div>\n\t<\/div>\n\t\n\n\t\t<\/div>\n\t\t\t\t\t<\/div>\n\n\t\n\n<\/div>\n<div class=\"row\"  id=\"row-1731705485\">\n\n\n\t<div id=\"col-15618588\" class=\"col medium-11 small-12 large-11\"  data-animate=\"fadeInUp\">\n\t\t\t\t<div class=\"col-inner\"  >\n\t\t\t\n\t\t\t\n\n\t<div id=\"text-1188307593\" class=\"text\">\n\t\t\n\n<p style=\"text-align: justify;\">La industria de la palma africana en Honduras tiene el enorme desaf\u00edo de impulsar o seguir impulsando en el caso de las empresas que ya hacen esfuerzos en este sentido\u2014 un modelo productivo que tenga como base la producci\u00f3n sostenible de aceite de tal manera que sus operaciones, tanto agr\u00edcolas como industriales, no contaminen el ambiente, no violenten los derechos de los trabajadores ni afecten la salud de las personas y muchos menos desplacen de sus territorios a comunidades ind\u00edgenas, negras y campesinas.<\/p>\n<p style=\"text-align: justify;\">En tal sentido, debe dise\u00f1arse, formularse, elaborarse y ponerse en ejecuci\u00f3n un sistema de gesti\u00f3n que contenga pol\u00edticas, programas, planes y acciones que se orienten a: la protecci\u00f3n de los ecosistemas acu\u00e1ticos y terrestres existentes dentro de los cultivos as\u00ed como el respeto irrestricto de los parques nacionales, refugios de vida silvestre, corredores biol\u00f3gicos, reservas forestales, \u00e1reas de amortiguamiento y otras \u00e1reas de conservaci\u00f3n biol\u00f3gica p\u00fablicas y privadas; la protecci\u00f3n de la vida silvestre, incluyendo la prohibici\u00f3n de la extracci\u00f3n, caza y tr\u00e1fico de plantas y animales silvestres; la protecci\u00f3n y conservaci\u00f3n de los recursos h\u00eddricos, especialmente de aquellos que abastecen de agua potable a las comunidades; el manejo integrado y adecuado de los desechos org\u00e1nicos e inorg\u00e1nicos generados tanto en las plantaciones como en los planteles industriales; la conservaci\u00f3n de la fertilidad de los suelos; el manejo integrado de plagas, priorizando los m\u00e9todos biol\u00f3gicos y culturales por encima del uso indiscriminado de agroqu\u00edmicos; el respeto de los derechos laborales de todos los trabajadores de manera equitativa, incluyente y sin ning\u00fan tipo discriminaci\u00f3n as\u00ed como el cumplimiento de todas las normas de salud y seguridad ocupacional; la realizaci\u00f3n de transacciones transparentes y \u00e9ticas con todas las partes interesadas; el respeto de los derechos humanos; el fomento de buenas relaciones y el establecimiento de alianzas de cooperaci\u00f3n con organizaciones sociales y comunitarias; el cumplimiento de toda la legislaci\u00f3n nacional y de los tratados internaciones suscritos por Honduras que sean aplicables; entre otros aspectos sociales y ambientales de suma importancia.<\/p>\n<p style=\"text-align: justify;\">Debido a lo expresado anteriormente, Hondupalma se siente comprometida con el Medio Ambiente, prueba de ellas son las implementaci\u00f3n de Certificaciones que beneficie la Protecci\u00f3n del Medio Ambiente, como ser:<\/p>\n<ol>\n<li style=\"text-align: justify;\">Mesa Redonda sobre Aceite de Palma Sostenible (RSPO por sus siglas en ingl\u00e9s)<\/li>\n<li style=\"text-align: justify;\">Norma ISO 14001: 2004<\/li>\n<li style=\"text-align: justify;\">ISO 14001:2015 Sistema de Gesti\u00f3n Ambiental<\/li>\n<\/ol>\n\t\t\n<style>\n#text-1188307593 {\n  font-size: 1.2rem;\n  line-height: 1.4;\n}\n<\/style>\n\t<\/div>\n\t\n\n\t\t<\/div>\n\t\t\t\t\t<\/div>\n\n\t\n\n<\/div>\n\n\t\t<\/div>\n\n\t\t\n<style>\n#section_896723620 {\n  padding-top: 94px;\n  padding-bottom: 94px;\n  background-color: rgb(255, 255, 255);\n}\n#section_896723620 .ux-shape-divider--top svg {\n  height: 150px;\n  --divider-top-width: 100%;\n}\n#section_896723620 .ux-shape-divider--bottom svg {\n  height: 150px;\n  --divider-width: 100%;\n}\n<\/style>\n\t<\/section>\n\t\n\n","protected":false},"excerpt":{"rendered":"","protected":false},"author":1,"featured_media":0,"parent":0,"menu_order":0,"comment_status":"closed","ping_status":"closed","template":"page-blank.php","meta":{"footnotes":""},"class_list":["post-380","page","type-page","status-publish","hentry"],"_links":{"self":[{"href":"https:\/\/hondupalmahn.com\/home\/wp-json\/wp\/v2\/pages\/380","targetHints":{"allow":["GET"]}}],"collection":[{"href":"https:\/\/hondupalmahn.com\/home\/wp-json\/wp\/v2\/pages"}],"about":[{"href":"https:\/\/hondupalmahn.com\/home\/wp-json\/wp\/v2\/types\/page"}],"author":[{"embeddable":true,"href":"https:\/\/hondupalmahn.com\/home\/wp-json\/wp\/v2\/users\/1"}],"replies":[{"embeddable":true,"href":"https:\/\/hondupalmahn.com\/home\/wp-json\/wp\/v2\/comments?post=380"}],"version-history":[{"count":25,"href":"https:\/\/hondupalmahn.com\/home\/wp-json\/wp\/v2\/pages\/380\/revisions"}],"predecessor-version":[{"id":780,"href":"https:\/\/hondupalmahn.com\/home\/wp-json\/wp\/v2\/pages\/380\/revisions\/780"}],"wp:attachment":[{"href":"https:\/\/hondupalmahn.com\/home\/wp-json\/wp\/v2\/media?parent=380"}],"curies":[{"name":"wp","href":"https:\/\/api.w.org\/{rel}","templated":true}]}}